{"id":546,"date":"2020-06-26T11:25:11","date_gmt":"2020-06-26T14:25:11","guid":{"rendered":"https:\/\/www.sanwey.com.br\/global\/?page_id=546"},"modified":"2025-07-10T10:45:27","modified_gmt":"2025-07-10T13:45:27","slug":"residuos","status":"publish","type":"page","link":"https:\/\/www.sanwey.com.br\/global\/residuos\/","title":{"rendered":"Res\u00edduos"},"content":{"rendered":"\t\t<div data-elementor-type=\"wp-page\" data-elementor-id=\"546\" class=\"elementor elementor-546\" data-elementor-post-type=\"page\">\n\t\t\t\t\t\t\t\t\t<section class=\"elementor-section elementor-top-section elementor-element elementor-element-4bf389e2 elementor-section-height-min-height elementor-section-boxed elementor-section-height-default elementor-section-items-middle\" data-id=\"4bf389e2\" data-element_type=\"section\" data-settings=\"{&quot;background_background&quot;:&quot;classic&quot;}\">\n\t\t\t\t\t\t\t<div class=\"elementor-background-overlay\"><\/div>\n\t\t\t\t\t\t\t<div class=\"elementor-container elementor-column-gap-default\">\n\t\t\t\t\t<div class=\"elementor-column elementor-col-50 elementor-top-column elementor-element elementor-element-492e8fea\" data-id=\"492e8fea\" data-element_type=\"column\">\n\t\t\t<div class=\"elementor-widget-wrap elementor-element-populated\">\n\t\t\t\t\t\t\t\t<div class=\"elementor-element elementor-element-28339db9 elementor-widget elementor-widget-heading\" data-id=\"28339db9\" data-element_type=\"widget\" data-widget_type=\"heading.default\">\n\t\t\t\t<div class=\"elementor-widget-container\">\n\t\t\t<h2 class=\"elementor-heading-title elementor-size-default\">Res\u00edduos<\/h2>\t\t<\/div>\n\t\t\t\t<\/div>\n\t\t\t\t<div class=\"elementor-element elementor-element-eb2f0ca elementor-align-center elementor-widget elementor-widget-button\" data-id=\"eb2f0ca\" data-element_type=\"widget\" data-widget_type=\"button.default\">\n\t\t\t\t<div class=\"elementor-widget-container\">\n\t\t\t\t\t<div class=\"elementor-button-wrapper\">\n\t\t\t<a class=\"elementor-button elementor-button-link elementor-size-lg\" href=\"https:\/\/www.sanwey.com.br\/global\/suporte\/\">\n\t\t\t\t\t\t<span class=\"elementor-button-content-wrapper\">\n\t\t\t\t\t\t<span class=\"elementor-button-text\">Fale com um especialista Sanwey<\/span>\n\t\t<\/span>\n\t\t\t\t\t<\/a>\n\t\t<\/div>\n\t\t\t\t<\/div>\n\t\t\t\t<\/div>\n\t\t\t\t\t<\/div>\n\t\t<\/div>\n\t\t\t\t<div class=\"elementor-column elementor-col-50 elementor-top-column elementor-element elementor-element-493e1790\" data-id=\"493e1790\" data-element_type=\"column\">\n\t\t\t<div class=\"elementor-widget-wrap elementor-element-populated\">\n\t\t\t\t\t\t\t\t<div class=\"elementor-element elementor-element-21bafb86 elementor-widget elementor-widget-text-editor\" data-id=\"21bafb86\" data-element_type=\"widget\" data-widget_type=\"text-editor.default\">\n\t\t\t\t<div class=\"elementor-widget-container\">\n\t\t\t\t\t\t\t<p>O armazenamento para descarte correto de res\u00edduos \u00e9 uma das etapas essenciais para que os impactos ao meio ambiente e \u00e0 sa\u00fade da popula\u00e7\u00e3o seja minimizado. Respondendo a esses aspectos que promovem a sustentabilidade do Planeta, a Sanwey idealizou Sanbags espec\u00edficos, standard plano ou tubular, e\/ou estruturados, que permitem seguran\u00e7a no manuseio e transporte dos diferentes res\u00edduos. Tamb\u00e9m disponibiliza os Resibags, que acomodam res\u00edduos s\u00f3lidos e perigosos, classificados pela Norma ABNT NBR 10.004 como Res\u00edduos Classe I. Tamb\u00e9m \u00e9 ideal para a destina\u00e7\u00e3o de Res\u00edduos Classes II e III, devido \u00e0s suas excelentes vantagens em rela\u00e7\u00e3o \u00e0s outras embalagens utilizadas pelas Ind\u00fastrias. Fale com um especialista Sanwey.<\/p>\t\t\t\t\t\t<\/div>\n\t\t\t\t<\/div>\n\t\t\t\t\t<\/div>\n\t\t<\/div>\n\t\t\t\t\t\t\t<\/div>\n\t\t<\/section>\n\t\t\t\t<section class=\"elementor-section elementor-top-section elementor-element elementor-element-be27125 elementor-section-boxed elementor-section-height-default elementor-section-height-default\" data-id=\"be27125\" data-element_type=\"section\" data-settings=\"{&quot;background_background&quot;:&quot;classic&quot;}\">\n\t\t\t\t\t\t<div class=\"elementor-container elementor-column-gap-default\">\n\t\t\t\t\t<div class=\"elementor-column elementor-col-100 elementor-top-column elementor-element elementor-element-c658280\" data-id=\"c658280\" data-element_type=\"column\">\n\t\t\t<div class=\"elementor-widget-wrap elementor-element-populated\">\n\t\t\t\t\t\t\t\t<div class=\"elementor-element elementor-element-44add87 elementor-widget elementor-widget-image\" data-id=\"44add87\" data-element_type=\"widget\" data-widget_type=\"image.default\">\n\t\t\t\t<div class=\"elementor-widget-container\">\n\t\t\t\t\t\t\t\t\t\t\t\t\t\t\t\t<a href=\"https:\/\/resibag.com.br\/home\/resibag\/\">\n\t\t\t\t\t\t\t<img fetchpriority=\"high\" decoding=\"async\" width=\"1024\" height=\"267\" src=\"https:\/\/www.sanwey.com.br\/global\/wp-content\/uploads\/2021\/02\/resibag3-1024x267.png\" class=\"attachment-large size-large wp-image-1061\" alt=\"\" srcset=\"https:\/\/www.sanwey.com.br\/global\/wp-content\/uploads\/2021\/02\/resibag3-1024x267.png 1024w, https:\/\/www.sanwey.com.br\/global\/wp-content\/uploads\/2021\/02\/resibag3-300x78.png 300w, https:\/\/www.sanwey.com.br\/global\/wp-content\/uploads\/2021\/02\/resibag3-768x200.png 768w, https:\/\/www.sanwey.com.br\/global\/wp-content\/uploads\/2021\/02\/resibag3-1536x400.png 1536w, https:\/\/www.sanwey.com.br\/global\/wp-content\/uploads\/2021\/02\/resibag3.png 1920w\" sizes=\"(max-width: 1024px) 100vw, 1024px\" \/>\t\t\t\t\t\t\t\t<\/a>\n\t\t\t\t\t\t\t\t\t\t\t\t\t\t\t<\/div>\n\t\t\t\t<\/div>\n\t\t\t\t<div class=\"elementor-element elementor-element-ac5cae5 elementor-widget elementor-widget-heading\" data-id=\"ac5cae5\" data-element_type=\"widget\" data-widget_type=\"heading.default\">\n\t\t\t\t<div class=\"elementor-widget-container\">\n\t\t\t<h2 class=\"elementor-heading-title elementor-size-default\"><a href=\"https:\/\/www.sanwey.com.br\/global\/lacrado\/\">A solu\u00e7\u00e3o definitiva para o descarte de res\u00edduos<\/a><\/h2>\t\t<\/div>\n\t\t\t\t<\/div>\n\t\t\t\t<div class=\"elementor-element elementor-element-6b08cb0 elementor-widget elementor-widget-spacer\" data-id=\"6b08cb0\" data-element_type=\"widget\" data-widget_type=\"spacer.default\">\n\t\t\t\t<div class=\"elementor-widget-container\">\n\t\t\t\t\t<div class=\"elementor-spacer\">\n\t\t\t<div class=\"elementor-spacer-inner\"><\/div>\n\t\t<\/div>\n\t\t\t\t<\/div>\n\t\t\t\t<\/div>\n\t\t\t\t<div class=\"elementor-element elementor-element-514e332 elementor-align-center elementor-widget elementor-widget-button\" data-id=\"514e332\" data-element_type=\"widget\" data-widget_type=\"button.default\">\n\t\t\t\t<div class=\"elementor-widget-container\">\n\t\t\t\t\t<div class=\"elementor-button-wrapper\">\n\t\t\t<a class=\"elementor-button elementor-button-link elementor-size-xs\" href=\"https:\/\/resibag.com.br\/home\/resibag\/\">\n\t\t\t\t\t\t<span class=\"elementor-button-content-wrapper\">\n\t\t\t\t\t\t<span class=\"elementor-button-text\">Clique aqui e Saiba tudo sobre o Resibag<\/span>\n\t\t<\/span>\n\t\t\t\t\t<\/a>\n\t\t<\/div>\n\t\t\t\t<\/div>\n\t\t\t\t<\/div>\n\t\t\t\t<div class=\"elementor-element elementor-element-414ad8f elementor-widget elementor-widget-spacer\" data-id=\"414ad8f\" data-element_type=\"widget\" data-widget_type=\"spacer.default\">\n\t\t\t\t<div class=\"elementor-widget-container\">\n\t\t\t\t\t<div class=\"elementor-spacer\">\n\t\t\t<div class=\"elementor-spacer-inner\"><\/div>\n\t\t<\/div>\n\t\t\t\t<\/div>\n\t\t\t\t<\/div>\n\t\t\t\t\t<\/div>\n\t\t<\/div>\n\t\t\t\t\t\t\t<\/div>\n\t\t<\/section>\n\t\t\t\t\t\t\t<\/div>\n\t\t","protected":false},"excerpt":{"rendered":"<p>Res\u00edduos Fale com um especialista Sanwey O armazenamento para descarte correto de res\u00edduos \u00e9 uma das etapas essenciais para que os impactos ao meio ambiente e \u00e0 sa\u00fade da popula\u00e7\u00e3o seja minimizado. Respondendo a esses aspectos que promovem a sustentabilidade do Planeta, a Sanwey idealizou Sanbags espec\u00edficos, standard plano ou tubular, e\/ou estruturados, que permitem&hellip;&nbsp;<a href=\"https:\/\/www.sanwey.com.br\/global\/residuos\/\" class=\"\" rel=\"bookmark\">Continue a ler &raquo;<span class=\"screen-reader-text\">Res\u00edduos<\/span><\/a><\/p>\n","protected":false},"author":2,"featured_media":0,"parent":0,"menu_order":0,"comment_status":"closed","ping_status":"closed","template":"elementor_header_footer","meta":{"neve_meta_sidebar":"full-width","neve_meta_container":"","neve_meta_enable_content_width":"on","neve_meta_content_width":100,"neve_meta_title_alignment":"","neve_meta_author_avatar":"","neve_post_elements_order":"","neve_meta_disable_header":"","neve_meta_disable_footer":"","neve_meta_disable_title":"","footnotes":""},"yoast_head":"<!-- This site is optimized with the Yoast SEO Premium plugin v18.3 (Yoast SEO v18.5) - https:\/\/yoast.com\/wordpress\/plugins\/seo\/ -->\n<title>Res\u00edduos - Sanwey<\/title>\n<meta name=\"description\" content=\"Resibag \u00e9 a melhor op\u00e7\u00e3o para destina\u00e7\u00e3o e transporte de res\u00edduos s\u00f3lidos. Minimizando impactos ao meio ambiente e atendendo a legisla\u00e7\u00e3o ANTT 5232.\" \/>\n<meta name=\"robots\" content=\"index, follow, max-snippet:-1, max-image-preview:large, max-video-preview:-1\" \/>\n<link rel=\"canonical\" href=\"https:\/\/www.sanwey.com.br\/global\/residuos\/\" \/>\n<meta property=\"og:locale\" content=\"pt_BR\" \/>\n<meta property=\"og:type\" content=\"article\" \/>\n<meta property=\"og:title\" content=\"Res\u00edduos\" \/>\n<meta property=\"og:description\" content=\"Resibag \u00e9 a melhor op\u00e7\u00e3o para destina\u00e7\u00e3o e transporte de res\u00edduos s\u00f3lidos. Minimizando impactos ao meio ambiente e atendendo a legisla\u00e7\u00e3o ANTT 5232.\" \/>\n<meta property=\"og:url\" content=\"https:\/\/www.sanwey.com.br\/global\/residuos\/\" \/>\n<meta property=\"og:site_name\" content=\"Sanwey\" \/>\n<meta property=\"article:modified_time\" content=\"2025-07-10T13:45:27+00:00\" \/>\n<meta property=\"og:image\" content=\"https:\/\/www.sanwey.com.br\/global\/wp-content\/uploads\/2021\/02\/resibag3-1024x267.png\" \/>\n<meta name=\"twitter:card\" content=\"summary_large_image\" \/>\n<meta name=\"twitter:label1\" content=\"Est. tempo de leitura\" \/>\n\t<meta name=\"twitter:data1\" content=\"1 minuto\" \/>\n<script type=\"application\/ld+json\" class=\"yoast-schema-graph\">{\"@context\":\"https:\/\/schema.org\",\"@graph\":[{\"@type\":\"WebSite\",\"@id\":\"https:\/\/www.sanwey.com.br\/global\/#website\",\"url\":\"https:\/\/www.sanwey.com.br\/global\/\",\"name\":\"Sanwey\",\"description\":\"Sanwey - Big Bags (FIBC - Contentores Flex\u00edveis)\",\"potentialAction\":[{\"@type\":\"SearchAction\",\"target\":{\"@type\":\"EntryPoint\",\"urlTemplate\":\"https:\/\/www.sanwey.com.br\/global\/?s={search_term_string}\"},\"query-input\":\"required name=search_term_string\"}],\"inLanguage\":\"pt-BR\"},{\"@type\":\"ImageObject\",\"@id\":\"https:\/\/www.sanwey.com.br\/global\/residuos\/#primaryimage\",\"inLanguage\":\"pt-BR\",\"url\":\"https:\/\/www.sanwey.com.br\/global\/wp-content\/uploads\/2021\/02\/resibag3.png\",\"contentUrl\":\"https:\/\/www.sanwey.com.br\/global\/wp-content\/uploads\/2021\/02\/resibag3.png\",\"width\":1920,\"height\":500},{\"@type\":\"WebPage\",\"@id\":\"https:\/\/www.sanwey.com.br\/global\/residuos\/#webpage\",\"url\":\"https:\/\/www.sanwey.com.br\/global\/residuos\/\",\"name\":\"Res\u00edduos - Sanwey\",\"isPartOf\":{\"@id\":\"https:\/\/www.sanwey.com.br\/global\/#website\"},\"primaryImageOfPage\":{\"@id\":\"https:\/\/www.sanwey.com.br\/global\/residuos\/#primaryimage\"},\"datePublished\":\"2020-06-26T14:25:11+00:00\",\"dateModified\":\"2025-07-10T13:45:27+00:00\",\"description\":\"Resibag \u00e9 a melhor op\u00e7\u00e3o para destina\u00e7\u00e3o e transporte de res\u00edduos s\u00f3lidos. Minimizando impactos ao meio ambiente e atendendo a legisla\u00e7\u00e3o ANTT 5232.\",\"breadcrumb\":{\"@id\":\"https:\/\/www.sanwey.com.br\/global\/residuos\/#breadcrumb\"},\"inLanguage\":\"pt-BR\",\"potentialAction\":[{\"@type\":\"ReadAction\",\"target\":[\"https:\/\/www.sanwey.com.br\/global\/residuos\/\"]}]},{\"@type\":\"BreadcrumbList\",\"@id\":\"https:\/\/www.sanwey.com.br\/global\/residuos\/#breadcrumb\",\"itemListElement\":[{\"@type\":\"ListItem\",\"position\":1,\"name\":\"In\u00edcio\",\"item\":\"https:\/\/www.sanwey.com.br\/global\/\"},{\"@type\":\"ListItem\",\"position\":2,\"name\":\"Res\u00edduos\"}]}]}<\/script>\n<!-- \/ Yoast SEO Premium plugin. -->","yoast_head_json":{"title":"Res\u00edduos - Sanwey","description":"Resibag \u00e9 a melhor op\u00e7\u00e3o para destina\u00e7\u00e3o e transporte de res\u00edduos s\u00f3lidos. Minimizando impactos ao meio ambiente e atendendo a legisla\u00e7\u00e3o ANTT 5232.","robots":{"index":"index","follow":"follow","max-snippet":"max-snippet:-1","max-image-preview":"max-image-preview:large","max-video-preview":"max-video-preview:-1"},"canonical":"https:\/\/www.sanwey.com.br\/global\/residuos\/","og_locale":"pt_BR","og_type":"article","og_title":"Res\u00edduos","og_description":"Resibag \u00e9 a melhor op\u00e7\u00e3o para destina\u00e7\u00e3o e transporte de res\u00edduos s\u00f3lidos. Minimizando impactos ao meio ambiente e atendendo a legisla\u00e7\u00e3o ANTT 5232.","og_url":"https:\/\/www.sanwey.com.br\/global\/residuos\/","og_site_name":"Sanwey","article_modified_time":"2025-07-10T13:45:27+00:00","og_image":[{"url":"https:\/\/www.sanwey.com.br\/global\/wp-content\/uploads\/2021\/02\/resibag3-1024x267.png"}],"twitter_card":"summary_large_image","twitter_misc":{"Est. tempo de leitura":"1 minuto"},"schema":{"@context":"https:\/\/schema.org","@graph":[{"@type":"WebSite","@id":"https:\/\/www.sanwey.com.br\/global\/#website","url":"https:\/\/www.sanwey.com.br\/global\/","name":"Sanwey","description":"Sanwey - Big Bags (FIBC - Contentores Flex\u00edveis)","potentialAction":[{"@type":"SearchAction","target":{"@type":"EntryPoint","urlTemplate":"https:\/\/www.sanwey.com.br\/global\/?s={search_term_string}"},"query-input":"required name=search_term_string"}],"inLanguage":"pt-BR"},{"@type":"ImageObject","@id":"https:\/\/www.sanwey.com.br\/global\/residuos\/#primaryimage","inLanguage":"pt-BR","url":"https:\/\/www.sanwey.com.br\/global\/wp-content\/uploads\/2021\/02\/resibag3.png","contentUrl":"https:\/\/www.sanwey.com.br\/global\/wp-content\/uploads\/2021\/02\/resibag3.png","width":1920,"height":500},{"@type":"WebPage","@id":"https:\/\/www.sanwey.com.br\/global\/residuos\/#webpage","url":"https:\/\/www.sanwey.com.br\/global\/residuos\/","name":"Res\u00edduos - Sanwey","isPartOf":{"@id":"https:\/\/www.sanwey.com.br\/global\/#website"},"primaryImageOfPage":{"@id":"https:\/\/www.sanwey.com.br\/global\/residuos\/#primaryimage"},"datePublished":"2020-06-26T14:25:11+00:00","dateModified":"2025-07-10T13:45:27+00:00","description":"Resibag \u00e9 a melhor op\u00e7\u00e3o para destina\u00e7\u00e3o e transporte de res\u00edduos s\u00f3lidos. Minimizando impactos ao meio ambiente e atendendo a legisla\u00e7\u00e3o ANTT 5232.","breadcrumb":{"@id":"https:\/\/www.sanwey.com.br\/global\/residuos\/#breadcrumb"},"inLanguage":"pt-BR","potentialAction":[{"@type":"ReadAction","target":["https:\/\/www.sanwey.com.br\/global\/residuos\/"]}]},{"@type":"BreadcrumbList","@id":"https:\/\/www.sanwey.com.br\/global\/residuos\/#breadcrumb","itemListElement":[{"@type":"ListItem","position":1,"name":"In\u00edcio","item":"https:\/\/www.sanwey.com.br\/global\/"},{"@type":"ListItem","position":2,"name":"Res\u00edduos"}]}]}},"_links":{"self":[{"href":"https:\/\/www.sanwey.com.br\/global\/wp-json\/wp\/v2\/pages\/546"}],"collection":[{"href":"https:\/\/www.sanwey.com.br\/global\/wp-json\/wp\/v2\/pages"}],"about":[{"href":"https:\/\/www.sanwey.com.br\/global\/wp-json\/wp\/v2\/types\/page"}],"author":[{"embeddable":true,"href":"https:\/\/www.sanwey.com.br\/global\/wp-json\/wp\/v2\/users\/2"}],"replies":[{"embeddable":true,"href":"https:\/\/www.sanwey.com.br\/global\/wp-json\/wp\/v2\/comments?post=546"}],"version-history":[{"count":26,"href":"https:\/\/www.sanwey.com.br\/global\/wp-json\/wp\/v2\/pages\/546\/revisions"}],"predecessor-version":[{"id":3971,"href":"https:\/\/www.sanwey.com.br\/global\/wp-json\/wp\/v2\/pages\/546\/revisions\/3971"}],"wp:attachment":[{"href":"https:\/\/www.sanwey.com.br\/global\/wp-json\/wp\/v2\/media?parent=546"}],"curies":[{"name":"wp","href":"https:\/\/api.w.org\/{rel}","templated":true}]}}