{"id":116,"date":"2020-03-16T15:32:00","date_gmt":"2020-03-16T18:32:00","guid":{"rendered":"https:\/\/www.sanwey.com.br\/global\/?page_id=116"},"modified":"2020-06-26T14:48:38","modified_gmt":"2020-06-26T17:48:38","slug":"sanbag-produtos-perigosos","status":"publish","type":"page","link":"https:\/\/www.sanwey.com.br\/global\/sanbag-produtos-perigosos\/","title":{"rendered":"Sanbag Produtos Perigosos"},"content":{"rendered":"\t\t<div data-elementor-type=\"wp-page\" data-elementor-id=\"116\" class=\"elementor elementor-116\" data-elementor-post-type=\"page\">\n\t\t\t\t\t\t\t\t\t<section class=\"elementor-section elementor-top-section elementor-element elementor-element-5fcdfbdd elementor-section-stretched elementor-section-full_width elementor-section-height-default elementor-section-height-default\" data-id=\"5fcdfbdd\" data-element_type=\"section\" data-settings=\"{&quot;stretch_section&quot;:&quot;section-stretched&quot;}\">\n\t\t\t\t\t\t<div class=\"elementor-container elementor-column-gap-no\">\n\t\t\t\t\t<div class=\"elementor-column elementor-col-100 elementor-top-column elementor-element elementor-element-b465b98\" data-id=\"b465b98\" data-element_type=\"column\">\n\t\t\t<div class=\"elementor-widget-wrap elementor-element-populated\">\n\t\t\t\t\t\t\t\t<div class=\"elementor-element elementor-element-d56f7cb elementor-widget elementor-widget-shortcode\" data-id=\"d56f7cb\" data-element_type=\"widget\" data-widget_type=\"shortcode.default\">\n\t\t\t\t<div class=\"elementor-widget-container\">\n\t\t\t\t\t<div class=\"elementor-shortcode\">[rev_slider alias=\"perigosos\"][\/rev_slider]<\/div>\n\t\t\t\t<\/div>\n\t\t\t\t<\/div>\n\t\t\t\t\t<\/div>\n\t\t<\/div>\n\t\t\t\t\t\t\t<\/div>\n\t\t<\/section>\n\t\t\t\t<section class=\"elementor-section elementor-top-section elementor-element elementor-element-c3666ec elementor-section-stretched elementor-section-boxed elementor-section-height-default elementor-section-height-default\" data-id=\"c3666ec\" data-element_type=\"section\" data-settings=\"{&quot;stretch_section&quot;:&quot;section-stretched&quot;,&quot;background_background&quot;:&quot;classic&quot;}\">\n\t\t\t\t\t\t<div class=\"elementor-container elementor-column-gap-default\">\n\t\t\t\t\t<div class=\"elementor-column elementor-col-100 elementor-top-column elementor-element elementor-element-44e9812e\" data-id=\"44e9812e\" data-element_type=\"column\">\n\t\t\t<div class=\"elementor-widget-wrap elementor-element-populated\">\n\t\t\t\t\t\t\t\t<div class=\"elementor-element elementor-element-4fb445 elementor-widget elementor-widget-image\" data-id=\"4fb445\" data-element_type=\"widget\" data-widget_type=\"image.default\">\n\t\t\t\t<div class=\"elementor-widget-container\">\n\t\t\t\t\t\t\t\t\t\t\t\t\t\t\t<img fetchpriority=\"high\" decoding=\"async\" width=\"1024\" height=\"98\" src=\"https:\/\/www.sanwey.com.br\/global\/wp-content\/uploads\/2020\/03\/banners_sanwey-1-1024x98.jpg\" class=\"attachment-large size-large wp-image-132\" alt=\"\" srcset=\"https:\/\/www.sanwey.com.br\/global\/wp-content\/uploads\/2020\/03\/banners_sanwey-1-1024x98.jpg 1024w, https:\/\/www.sanwey.com.br\/global\/wp-content\/uploads\/2020\/03\/banners_sanwey-1-300x29.jpg 300w, https:\/\/www.sanwey.com.br\/global\/wp-content\/uploads\/2020\/03\/banners_sanwey-1-768x74.jpg 768w, https:\/\/www.sanwey.com.br\/global\/wp-content\/uploads\/2020\/03\/banners_sanwey-1-1536x147.jpg 1536w, https:\/\/www.sanwey.com.br\/global\/wp-content\/uploads\/2020\/03\/banners_sanwey-1.jpg 1776w\" sizes=\"(max-width: 1024px) 100vw, 1024px\" \/>\t\t\t\t\t\t\t\t\t\t\t\t\t\t\t<\/div>\n\t\t\t\t<\/div>\n\t\t\t\t\t<\/div>\n\t\t<\/div>\n\t\t\t\t\t\t\t<\/div>\n\t\t<\/section>\n\t\t\t\t<section class=\"elementor-section elementor-top-section elementor-element elementor-element-f0ebc32 elementor-section-stretched elementor-section-boxed elementor-section-height-default elementor-section-height-default\" data-id=\"f0ebc32\" data-element_type=\"section\" data-settings=\"{&quot;stretch_section&quot;:&quot;section-stretched&quot;}\">\n\t\t\t\t\t\t<div class=\"elementor-container elementor-column-gap-default\">\n\t\t\t\t\t<div class=\"elementor-column elementor-col-50 elementor-top-column elementor-element elementor-element-63adb8d2\" data-id=\"63adb8d2\" data-element_type=\"column\">\n\t\t\t<div class=\"elementor-widget-wrap elementor-element-populated\">\n\t\t\t\t\t\t\t\t<div class=\"elementor-element elementor-element-1615192e elementor-widget elementor-widget-heading\" data-id=\"1615192e\" data-element_type=\"widget\" data-widget_type=\"heading.default\">\n\t\t\t\t<div class=\"elementor-widget-container\">\n\t\t\t<h2 class=\"elementor-heading-title elementor-size-default\">Sanbag\u00ae Produtos Perigosos<\/h2>\t\t<\/div>\n\t\t\t\t<\/div>\n\t\t\t\t<div class=\"elementor-element elementor-element-1a5d5253 elementor-widget elementor-widget-text-editor\" data-id=\"1a5d5253\" data-element_type=\"widget\" data-widget_type=\"text-editor.default\">\n\t\t\t\t<div class=\"elementor-widget-container\">\n\t\t\t\t\t\t\tO Sanbag para Produtos Perigosos \u00e9 o contentor flex\u00edvel da Sanwey, feito especialmente para o transporte e a armazenagem de materiais considerados perigosos, conforme recomenda\u00e7\u00e3o da ONU (Organiza\u00e7\u00e3o das Na\u00e7\u00f5es Unidas) publicadas no Orange Book.\n\nEm raz\u00e3o do seu alto grau de risco, esses produtos devem ser transportados em contentores homologados, que sigam todas as normas nacionais e internacionais de seguran\u00e7a.\n\n\t\t\t\t\t\t<\/div>\n\t\t\t\t<\/div>\n\t\t\t\t<div class=\"elementor-element elementor-element-6a4e2c91 elementor-widget elementor-widget-text-editor\" data-id=\"6a4e2c91\" data-element_type=\"widget\" data-widget_type=\"text-editor.default\">\n\t\t\t\t<div class=\"elementor-widget-container\">\n\t\t\t\t\t\t\t<p>O Sanbag para Transporte Mar\u00edtimo de Produtos Perigosos \u00e9 homologado, desde 1999, pela DPC (Diretoria de Portos e Costas), conforme as recomenda\u00e7\u00f5es do IMDG Code (International Maritime Dangerous Goods Code), baseadas no Orange Book; e de forma semelhante, o Sanbag para Transporte Terrestre de Produtos Perigosos \u00e9 homologado, desde 2008, pelo Inmetro (Instituto Nacional de Metrologia) atrav\u00e9s de um OCP (Organismo Certificador de Produtos), conforme as recomenda\u00e7\u00f5es da Resolu\u00e7\u00e3o ANTT 420 de Fevereiro de 2004, tamb\u00e9m baseadas no Orange Book.<\/p>\t\t\t\t\t\t<\/div>\n\t\t\t\t<\/div>\n\t\t\t\t\t<\/div>\n\t\t<\/div>\n\t\t\t\t<div class=\"elementor-column elementor-col-50 elementor-top-column elementor-element elementor-element-15a0f12a\" data-id=\"15a0f12a\" data-element_type=\"column\">\n\t\t\t<div class=\"elementor-widget-wrap elementor-element-populated\">\n\t\t\t\t\t\t\t\t<div class=\"elementor-element elementor-element-fde6882 elementor-widget elementor-widget-heading\" data-id=\"fde6882\" data-element_type=\"widget\" data-widget_type=\"heading.default\">\n\t\t\t\t<div class=\"elementor-widget-container\">\n\t\t\t<h2 class=\"elementor-heading-title elementor-size-default\">O Sanbag para Transporte Mar\u00edtimo e Terrestre de Produtos Perigosos \u00e9 compat\u00edvel com diversas Classes e Subclasses de risco:<\/h2>\t\t<\/div>\n\t\t\t\t<\/div>\n\t\t\t\t<div class=\"elementor-element elementor-element-818b84e elementor-widget elementor-widget-image\" data-id=\"818b84e\" data-element_type=\"widget\" data-widget_type=\"image.default\">\n\t\t\t\t<div class=\"elementor-widget-container\">\n\t\t\t\t\t\t\t\t\t\t\t\t\t\t\t<img decoding=\"async\" width=\"198\" height=\"460\" src=\"https:\/\/www.sanwey.com.br\/global\/wp-content\/uploads\/2020\/03\/classe-subclasse-risco.png\" class=\"attachment-large size-large wp-image-230\" alt=\"\" srcset=\"https:\/\/www.sanwey.com.br\/global\/wp-content\/uploads\/2020\/03\/classe-subclasse-risco.png 198w, https:\/\/www.sanwey.com.br\/global\/wp-content\/uploads\/2020\/03\/classe-subclasse-risco-129x300.png 129w\" sizes=\"(max-width: 198px) 100vw, 198px\" \/>\t\t\t\t\t\t\t\t\t\t\t\t\t\t\t<\/div>\n\t\t\t\t<\/div>\n\t\t\t\t<div class=\"elementor-element elementor-element-5392d72 elementor-widget elementor-widget-text-editor\" data-id=\"5392d72\" data-element_type=\"widget\" data-widget_type=\"text-editor.default\">\n\t\t\t\t<div class=\"elementor-widget-container\">\n\t\t\t\t\t\t\t<p>A Sanwey investe pesado e mant\u00e9m um departamento de engenharia que trabalha intensamente para que voc\u00ea fique tranquilo durante a armazenagem e o transporte dos seus produtos.<\/p><p>Al\u00e9m de cumprir todas as recomenda\u00e7\u00f5es, o Sanbag homologado \u00e9 projetado com a mais alta tecnologia dispon\u00edvel no mundo, sendo dispon\u00edvel para volume de at\u00e9 2.000 litros, capacidade de carga de at\u00e9 2.000 kg e pilhas superiores a 4 unidades.<\/p>\t\t\t\t\t\t<\/div>\n\t\t\t\t<\/div>\n\t\t\t\t\t<\/div>\n\t\t<\/div>\n\t\t\t\t\t\t\t<\/div>\n\t\t<\/section>\n\t\t\t\t<section class=\"elementor-section elementor-top-section elementor-element elementor-element-ec2f891 elementor-section-boxed elementor-section-height-default elementor-section-height-default\" data-id=\"ec2f891\" data-element_type=\"section\" data-settings=\"{&quot;background_background&quot;:&quot;classic&quot;}\">\n\t\t\t\t\t\t<div class=\"elementor-container elementor-column-gap-default\">\n\t\t\t\t\t<div class=\"elementor-column elementor-col-100 elementor-top-column elementor-element elementor-element-90a2483\" data-id=\"90a2483\" data-element_type=\"column\">\n\t\t\t<div class=\"elementor-widget-wrap elementor-element-populated\">\n\t\t\t\t\t\t\t\t<div class=\"elementor-element elementor-element-7a543c0 elementor-widget elementor-widget-heading\" data-id=\"7a543c0\" data-element_type=\"widget\" data-widget_type=\"heading.default\">\n\t\t\t\t<div class=\"elementor-widget-container\">\n\t\t\t<h2 class=\"elementor-heading-title elementor-size-default\">Fluxograma de regulamenta\u00e7\u00f5es internacionais para produtos perigosos<\/h2>\t\t<\/div>\n\t\t\t\t<\/div>\n\t\t\t\t\t<\/div>\n\t\t<\/div>\n\t\t\t\t\t\t\t<\/div>\n\t\t<\/section>\n\t\t\t\t<section class=\"elementor-section elementor-top-section elementor-element elementor-element-12fc0db7 elementor-section-boxed elementor-section-height-default elementor-section-height-default\" data-id=\"12fc0db7\" data-element_type=\"section\" data-settings=\"{&quot;background_background&quot;:&quot;classic&quot;}\">\n\t\t\t\t\t\t<div class=\"elementor-container elementor-column-gap-default\">\n\t\t\t\t\t<div class=\"elementor-column elementor-col-100 elementor-top-column elementor-element elementor-element-1bafb2a4\" data-id=\"1bafb2a4\" data-element_type=\"column\">\n\t\t\t<div class=\"elementor-widget-wrap elementor-element-populated\">\n\t\t\t\t\t\t\t\t<section class=\"elementor-section elementor-inner-section elementor-element elementor-element-176465fc elementor-section-boxed elementor-section-height-default elementor-section-height-default\" data-id=\"176465fc\" data-element_type=\"section\">\n\t\t\t\t\t\t<div class=\"elementor-container elementor-column-gap-default\">\n\t\t\t\t\t<div class=\"elementor-column elementor-col-100 elementor-inner-column elementor-element elementor-element-20395357\" data-id=\"20395357\" data-element_type=\"column\">\n\t\t\t<div class=\"elementor-widget-wrap elementor-element-populated\">\n\t\t\t\t\t\t\t\t<div class=\"elementor-element elementor-element-618a3104 elementor-widget elementor-widget-image\" data-id=\"618a3104\" data-element_type=\"widget\" data-widget_type=\"image.default\">\n\t\t\t\t<div class=\"elementor-widget-container\">\n\t\t\t\t\t\t\t\t\t\t\t\t\t\t\t<img decoding=\"async\" width=\"848\" height=\"385\" src=\"https:\/\/www.sanwey.com.br\/global\/wp-content\/uploads\/2020\/03\/fluxograma-produtos-perigosos.png\" class=\"attachment-large size-large wp-image-226\" alt=\"\" srcset=\"https:\/\/www.sanwey.com.br\/global\/wp-content\/uploads\/2020\/03\/fluxograma-produtos-perigosos.png 848w, https:\/\/www.sanwey.com.br\/global\/wp-content\/uploads\/2020\/03\/fluxograma-produtos-perigosos-300x136.png 300w, https:\/\/www.sanwey.com.br\/global\/wp-content\/uploads\/2020\/03\/fluxograma-produtos-perigosos-768x349.png 768w\" sizes=\"(max-width: 848px) 100vw, 848px\" \/>\t\t\t\t\t\t\t\t\t\t\t\t\t\t\t<\/div>\n\t\t\t\t<\/div>\n\t\t\t\t\t<\/div>\n\t\t<\/div>\n\t\t\t\t\t\t\t<\/div>\n\t\t<\/section>\n\t\t\t\t\t<\/div>\n\t\t<\/div>\n\t\t\t\t\t\t\t<\/div>\n\t\t<\/section>\n\t\t\t\t<section class=\"elementor-section elementor-top-section elementor-element elementor-element-2f6f5a4 elementor-section-boxed elementor-section-height-default elementor-section-height-default\" data-id=\"2f6f5a4\" data-element_type=\"section\">\n\t\t\t\t\t\t<div class=\"elementor-container elementor-column-gap-default\">\n\t\t\t\t\t<div class=\"elementor-column elementor-col-100 elementor-top-column elementor-element elementor-element-631fc8a6\" data-id=\"631fc8a6\" data-element_type=\"column\">\n\t\t\t<div class=\"elementor-widget-wrap elementor-element-populated\">\n\t\t\t\t\t\t\t\t<div class=\"elementor-element elementor-element-5caa9287 elementor-widget elementor-widget-text-editor\" data-id=\"5caa9287\" data-element_type=\"widget\" data-widget_type=\"text-editor.default\">\n\t\t\t\t<div class=\"elementor-widget-container\">\n\t\t\t\t\t\t\tONU (Organiza\u00e7\u00e3o das Na\u00e7\u00f5es Unidas) &#8211; ECOSOC (UN Economic and Social Council) &#8211; IAEA (International Atomic Energy Agenzy) &#8211; ICAO (International Civil Aviation Organization) &#8211; IMO (International Maritime Organization) &#8211; ICAOTI (International Civil Aviantion Organization Technical Instructions) &#8211; Title 49 CFR (Title 49 Code of Federal Regulations) &#8211; IATA DGR (International Air Transport Association Dangerous Goods Regulations) &#8211; IMDG CODE (International Maritime Dangerous Goods Code) &#8211; ECE (UN Economic and Social Council) &#8211; ADN (International Carriage of Dangerous Goods by Inlandy Waterway) &#8211; ANDR (Regulations for the Carriage of Dangerous Substances on the Rhine) &#8211; ADR (International Carriage of Dangerous Goods by Road) &#8211; RID (International Carriage of Dangerous Goods by Rail) &#8211; ANTT (Ag\u00eancia Nacional de Transportes Terrestres)\t\t\t\t\t\t<\/div>\n\t\t\t\t<\/div>\n\t\t\t\t\t<\/div>\n\t\t<\/div>\n\t\t\t\t\t\t\t<\/div>\n\t\t<\/section>\n\t\t\t\t<section class=\"elementor-section elementor-top-section elementor-element elementor-element-516785b5 elementor-section-boxed elementor-section-height-default elementor-section-height-default\" data-id=\"516785b5\" data-element_type=\"section\">\n\t\t\t\t\t\t<div class=\"elementor-container elementor-column-gap-default\">\n\t\t\t\t\t<div class=\"elementor-column elementor-col-100 elementor-top-column elementor-element elementor-element-59aae188\" data-id=\"59aae188\" data-element_type=\"column\">\n\t\t\t<div class=\"elementor-widget-wrap elementor-element-populated\">\n\t\t\t\t\t\t\t\t<div class=\"elementor-element elementor-element-201c3355 elementor-widget elementor-widget-spacer\" data-id=\"201c3355\" data-element_type=\"widget\" data-widget_type=\"spacer.default\">\n\t\t\t\t<div class=\"elementor-widget-container\">\n\t\t\t\t\t<div class=\"elementor-spacer\">\n\t\t\t<div class=\"elementor-spacer-inner\"><\/div>\n\t\t<\/div>\n\t\t\t\t<\/div>\n\t\t\t\t<\/div>\n\t\t\t\t\t<\/div>\n\t\t<\/div>\n\t\t\t\t\t\t\t<\/div>\n\t\t<\/section>\n\t\t\t\t\t\t\t<\/div>\n\t\t","protected":false},"excerpt":{"rendered":"<p>[rev_slider alias=&#8221;perigosos&#8221;][\/rev_slider] Sanbag\u00ae Produtos Perigosos O Sanbag para Produtos Perigosos \u00e9 o contentor flex\u00edvel da Sanwey, feito especialmente para o transporte e a armazenagem de materiais considerados perigosos, conforme recomenda\u00e7\u00e3o da ONU (Organiza\u00e7\u00e3o das Na\u00e7\u00f5es Unidas) publicadas no Orange Book. Em raz\u00e3o do seu alto grau de risco, esses produtos devem ser transportados em contentores&hellip;&nbsp;<a href=\"https:\/\/www.sanwey.com.br\/global\/sanbag-produtos-perigosos\/\" class=\"\" rel=\"bookmark\">Continue a ler &raquo;<span class=\"screen-reader-text\">Sanbag Produtos Perigosos<\/span><\/a><\/p>\n","protected":false},"author":2,"featured_media":0,"parent":0,"menu_order":0,"comment_status":"closed","ping_status":"closed","template":"elementor_header_footer","meta":{"neve_meta_sidebar":"full-width","neve_meta_container":"","neve_meta_enable_content_width":"on","neve_meta_content_width":100,"neve_meta_title_alignment":"","neve_meta_author_avatar":"","neve_post_elements_order":"","neve_meta_disable_header":"","neve_meta_disable_footer":"","neve_meta_disable_title":"","footnotes":""},"yoast_head":"<!-- This site is optimized with the Yoast SEO Premium plugin v18.3 (Yoast SEO v18.5) - https:\/\/yoast.com\/wordpress\/plugins\/seo\/ -->\n<title>Sanbag Produtos Perigosos - Sanwey<\/title>\n<meta name=\"robots\" content=\"index, follow, max-snippet:-1, max-image-preview:large, max-video-preview:-1\" \/>\n<link rel=\"canonical\" href=\"https:\/\/www.sanwey.com.br\/global\/sanbag-produtos-perigosos\/\" \/>\n<meta property=\"og:locale\" content=\"pt_BR\" \/>\n<meta property=\"og:type\" content=\"article\" \/>\n<meta property=\"og:title\" content=\"Sanbag Produtos Perigosos\" \/>\n<meta property=\"og:description\" content=\"[rev_slider alias=&#8221;perigosos&#8221;][\/rev_slider] Sanbag\u00ae Produtos Perigosos O Sanbag para Produtos Perigosos \u00e9 o contentor flex\u00edvel da Sanwey, feito especialmente para o transporte e a armazenagem de materiais considerados perigosos, conforme recomenda\u00e7\u00e3o da ONU (Organiza\u00e7\u00e3o das Na\u00e7\u00f5es Unidas) publicadas no Orange Book. Em raz\u00e3o do seu alto grau de risco, esses produtos devem ser transportados em contentores&hellip;&nbsp;Continue a ler &raquo;Sanbag Produtos Perigosos\" \/>\n<meta property=\"og:url\" content=\"https:\/\/www.sanwey.com.br\/global\/sanbag-produtos-perigosos\/\" \/>\n<meta property=\"og:site_name\" content=\"Sanwey\" \/>\n<meta property=\"article:modified_time\" content=\"2020-06-26T17:48:38+00:00\" \/>\n<meta property=\"og:image\" content=\"https:\/\/www.sanwey.com.br\/global\/wp-content\/uploads\/2020\/03\/banners_sanwey-1-1024x98.jpg\" \/>\n<meta name=\"twitter:card\" content=\"summary_large_image\" \/>\n<meta name=\"twitter:label1\" content=\"Est. tempo de leitura\" \/>\n\t<meta name=\"twitter:data1\" content=\"2 minutos\" \/>\n<script type=\"application\/ld+json\" class=\"yoast-schema-graph\">{\"@context\":\"https:\/\/schema.org\",\"@graph\":[{\"@type\":\"WebSite\",\"@id\":\"https:\/\/www.sanwey.com.br\/global\/#website\",\"url\":\"https:\/\/www.sanwey.com.br\/global\/\",\"name\":\"Sanwey\",\"description\":\"Sanwey - Big Bags (FIBC - Contentores Flex\u00edveis)\",\"potentialAction\":[{\"@type\":\"SearchAction\",\"target\":{\"@type\":\"EntryPoint\",\"urlTemplate\":\"https:\/\/www.sanwey.com.br\/global\/?s={search_term_string}\"},\"query-input\":\"required name=search_term_string\"}],\"inLanguage\":\"pt-BR\"},{\"@type\":\"ImageObject\",\"@id\":\"https:\/\/www.sanwey.com.br\/global\/sanbag-produtos-perigosos\/#primaryimage\",\"inLanguage\":\"pt-BR\",\"url\":\"https:\/\/www.sanwey.com.br\/global\/wp-content\/uploads\/2020\/03\/banners_sanwey-1.jpg\",\"contentUrl\":\"https:\/\/www.sanwey.com.br\/global\/wp-content\/uploads\/2020\/03\/banners_sanwey-1.jpg\",\"width\":1776,\"height\":170},{\"@type\":\"WebPage\",\"@id\":\"https:\/\/www.sanwey.com.br\/global\/sanbag-produtos-perigosos\/#webpage\",\"url\":\"https:\/\/www.sanwey.com.br\/global\/sanbag-produtos-perigosos\/\",\"name\":\"Sanbag Produtos Perigosos - Sanwey\",\"isPartOf\":{\"@id\":\"https:\/\/www.sanwey.com.br\/global\/#website\"},\"primaryImageOfPage\":{\"@id\":\"https:\/\/www.sanwey.com.br\/global\/sanbag-produtos-perigosos\/#primaryimage\"},\"datePublished\":\"2020-03-16T18:32:00+00:00\",\"dateModified\":\"2020-06-26T17:48:38+00:00\",\"breadcrumb\":{\"@id\":\"https:\/\/www.sanwey.com.br\/global\/sanbag-produtos-perigosos\/#breadcrumb\"},\"inLanguage\":\"pt-BR\",\"potentialAction\":[{\"@type\":\"ReadAction\",\"target\":[\"https:\/\/www.sanwey.com.br\/global\/sanbag-produtos-perigosos\/\"]}]},{\"@type\":\"BreadcrumbList\",\"@id\":\"https:\/\/www.sanwey.com.br\/global\/sanbag-produtos-perigosos\/#breadcrumb\",\"itemListElement\":[{\"@type\":\"ListItem\",\"position\":1,\"name\":\"In\u00edcio\",\"item\":\"https:\/\/www.sanwey.com.br\/global\/\"},{\"@type\":\"ListItem\",\"position\":2,\"name\":\"Sanbag Produtos Perigosos\"}]}]}<\/script>\n<!-- \/ Yoast SEO Premium plugin. -->","yoast_head_json":{"title":"Sanbag Produtos Perigosos - Sanwey","robots":{"index":"index","follow":"follow","max-snippet":"max-snippet:-1","max-image-preview":"max-image-preview:large","max-video-preview":"max-video-preview:-1"},"canonical":"https:\/\/www.sanwey.com.br\/global\/sanbag-produtos-perigosos\/","og_locale":"pt_BR","og_type":"article","og_title":"Sanbag Produtos Perigosos","og_description":"[rev_slider alias=&#8221;perigosos&#8221;][\/rev_slider] Sanbag\u00ae Produtos Perigosos O Sanbag para Produtos Perigosos \u00e9 o contentor flex\u00edvel da Sanwey, feito especialmente para o transporte e a armazenagem de materiais considerados perigosos, conforme recomenda\u00e7\u00e3o da ONU (Organiza\u00e7\u00e3o das Na\u00e7\u00f5es Unidas) publicadas no Orange Book. Em raz\u00e3o do seu alto grau de risco, esses produtos devem ser transportados em contentores&hellip;&nbsp;Continue a ler &raquo;Sanbag Produtos Perigosos","og_url":"https:\/\/www.sanwey.com.br\/global\/sanbag-produtos-perigosos\/","og_site_name":"Sanwey","article_modified_time":"2020-06-26T17:48:38+00:00","og_image":[{"url":"https:\/\/www.sanwey.com.br\/global\/wp-content\/uploads\/2020\/03\/banners_sanwey-1-1024x98.jpg"}],"twitter_card":"summary_large_image","twitter_misc":{"Est. tempo de leitura":"2 minutos"},"schema":{"@context":"https:\/\/schema.org","@graph":[{"@type":"WebSite","@id":"https:\/\/www.sanwey.com.br\/global\/#website","url":"https:\/\/www.sanwey.com.br\/global\/","name":"Sanwey","description":"Sanwey - Big Bags (FIBC - Contentores Flex\u00edveis)","potentialAction":[{"@type":"SearchAction","target":{"@type":"EntryPoint","urlTemplate":"https:\/\/www.sanwey.com.br\/global\/?s={search_term_string}"},"query-input":"required name=search_term_string"}],"inLanguage":"pt-BR"},{"@type":"ImageObject","@id":"https:\/\/www.sanwey.com.br\/global\/sanbag-produtos-perigosos\/#primaryimage","inLanguage":"pt-BR","url":"https:\/\/www.sanwey.com.br\/global\/wp-content\/uploads\/2020\/03\/banners_sanwey-1.jpg","contentUrl":"https:\/\/www.sanwey.com.br\/global\/wp-content\/uploads\/2020\/03\/banners_sanwey-1.jpg","width":1776,"height":170},{"@type":"WebPage","@id":"https:\/\/www.sanwey.com.br\/global\/sanbag-produtos-perigosos\/#webpage","url":"https:\/\/www.sanwey.com.br\/global\/sanbag-produtos-perigosos\/","name":"Sanbag Produtos Perigosos - Sanwey","isPartOf":{"@id":"https:\/\/www.sanwey.com.br\/global\/#website"},"primaryImageOfPage":{"@id":"https:\/\/www.sanwey.com.br\/global\/sanbag-produtos-perigosos\/#primaryimage"},"datePublished":"2020-03-16T18:32:00+00:00","dateModified":"2020-06-26T17:48:38+00:00","breadcrumb":{"@id":"https:\/\/www.sanwey.com.br\/global\/sanbag-produtos-perigosos\/#breadcrumb"},"inLanguage":"pt-BR","potentialAction":[{"@type":"ReadAction","target":["https:\/\/www.sanwey.com.br\/global\/sanbag-produtos-perigosos\/"]}]},{"@type":"BreadcrumbList","@id":"https:\/\/www.sanwey.com.br\/global\/sanbag-produtos-perigosos\/#breadcrumb","itemListElement":[{"@type":"ListItem","position":1,"name":"In\u00edcio","item":"https:\/\/www.sanwey.com.br\/global\/"},{"@type":"ListItem","position":2,"name":"Sanbag Produtos Perigosos"}]}]}},"_links":{"self":[{"href":"https:\/\/www.sanwey.com.br\/global\/wp-json\/wp\/v2\/pages\/116"}],"collection":[{"href":"https:\/\/www.sanwey.com.br\/global\/wp-json\/wp\/v2\/pages"}],"about":[{"href":"https:\/\/www.sanwey.com.br\/global\/wp-json\/wp\/v2\/types\/page"}],"author":[{"embeddable":true,"href":"https:\/\/www.sanwey.com.br\/global\/wp-json\/wp\/v2\/users\/2"}],"replies":[{"embeddable":true,"href":"https:\/\/www.sanwey.com.br\/global\/wp-json\/wp\/v2\/comments?post=116"}],"version-history":[{"count":7,"href":"https:\/\/www.sanwey.com.br\/global\/wp-json\/wp\/v2\/pages\/116\/revisions"}],"predecessor-version":[{"id":607,"href":"https:\/\/www.sanwey.com.br\/global\/wp-json\/wp\/v2\/pages\/116\/revisions\/607"}],"wp:attachment":[{"href":"https:\/\/www.sanwey.com.br\/global\/wp-json\/wp\/v2\/media?parent=116"}],"curies":[{"name":"wp","href":"https:\/\/api.w.org\/{rel}","templated":true}]}}